{"id":2774,"date":"2025-02-05T09:50:44","date_gmt":"2025-02-05T08:50:44","guid":{"rendered":"https:\/\/federicofrangi.com\/?page_id=2774"},"modified":"2025-09-23T20:20:22","modified_gmt":"2025-09-23T18:20:22","slug":"size-price-technique","status":"publish","type":"page","link":"https:\/\/federicofrangi.com\/index.php\/size-price-technique\/","title":{"rendered":"size-price"},"content":{"rendered":"\t\t<div data-elementor-type=\"wp-page\" data-elementor-id=\"2774\" class=\"elementor elementor-2774\">\n\t\t\t\t<div class=\"elementor-element elementor-element-fa976f3 e-con-full e-flex e-con e-parent\" data-id=\"fa976f3\" data-element_type=\"container\" data-e-type=\"container\" data-settings=\"{&quot;background_background&quot;:&quot;classic&quot;}\">\n\t\t\t\t<\/div>\n\t\t<div class=\"elementor-element elementor-element-8003221 e-con-full e-flex e-con e-parent\" data-id=\"8003221\" data-element_type=\"container\" data-e-type=\"container\">\n\t\t\t\t<div class=\"elementor-element elementor-element-1daf461 elementor-widget elementor-widget-image\" data-id=\"1daf461\" data-element_type=\"widget\" data-e-type=\"widget\" data-widget_type=\"image.default\">\n\t\t\t\t<div class=\"elementor-widget-container\">\n\t\t\t\t\t\t\t\t\t\t\t\t\t\t\t<img fetchpriority=\"high\" decoding=\"async\" width=\"1024\" height=\"424\" src=\"https:\/\/federicofrangi.com\/wp-content\/uploads\/2025\/02\/detail-01-1024x424.webp\" class=\"attachment-large size-large wp-image-2777\" alt=\"different technique and size for photos\" srcset=\"https:\/\/federicofrangi.com\/wp-content\/uploads\/2025\/02\/detail-01-1024x424.webp 1024w, https:\/\/federicofrangi.com\/wp-content\/uploads\/2025\/02\/detail-01-600x249.webp 600w, https:\/\/federicofrangi.com\/wp-content\/uploads\/2025\/02\/detail-01-300x124.webp 300w, https:\/\/federicofrangi.com\/wp-content\/uploads\/2025\/02\/detail-01-768x318.webp 768w, https:\/\/federicofrangi.com\/wp-content\/uploads\/2025\/02\/detail-01.webp 1400w\" sizes=\"(max-width: 1024px) 100vw, 1024px\" \/>\t\t\t\t\t\t\t\t\t\t\t\t\t\t\t<\/div>\n\t\t\t\t<\/div>\n\t\t<div class=\"elementor-element elementor-element-c43574a e-grid e-con-boxed e-con e-child\" data-id=\"c43574a\" data-element_type=\"container\" data-e-type=\"container\">\n\t\t\t\t\t<div class=\"e-con-inner\">\n\t\t\t\t<div class=\"elementor-element elementor-element-563fbb5 elementor-widget elementor-widget-text-editor\" data-id=\"563fbb5\" data-element_type=\"widget\" data-e-type=\"widget\" data-widget_type=\"text-editor.default\">\n\t\t\t\t<div class=\"elementor-widget-container\">\n\t\t\t\t\t\t\t\t\t<p><strong>The Technique<\/strong><\/p><p>The technique consists of three technologies:<br \/>1) The paper is handmade in Nepal, in a traditional way with an ancient technique (Lokta).<\/p><p>2) The cameras are German, analogue from the 760s. Rollei 35mm and Rolleiflex 120mm.<\/p><p>3) The latest inkjet technology from the photographic laboratory. It is an Epson plotter with 9-ink pigmented inkjet printer.<\/p><p>The combination of this paper, the texture of the film, the Rollei lenses and this type of inkjet printing, create a final work of high quality and definition, with a pictorial touch and pastel colours.<\/p><p>The photographs will be signed with details of the place and date.<\/p>\t\t\t\t\t\t\t\t<\/div>\n\t\t\t\t<\/div>\n\t\t\t\t<div class=\"elementor-element elementor-element-a7496ab elementor-widget elementor-widget-text-editor\" data-id=\"a7496ab\" data-element_type=\"widget\" data-e-type=\"widget\" data-widget_type=\"text-editor.default\">\n\t\t\t\t<div class=\"elementor-widget-container\">\n\t\t\t\t\t\t\t\t\t<p><strong>La T\u00e9cnica<\/strong><\/p><p>La t\u00e9cnica consiste en tres tecnolog\u00edas:<br \/>1) El papel es hecho a mano en Nepal, de manera tradicional con una t\u00e9cnica milenaria (Lokta).<\/p><p>2) La camaras son alemanas, anal\u00f3gicas de los 760s. Rollei 35mm y Rolleiflex 120mm.<\/p><p>3) La ultima tecnolog\u00eda inkjet de laboratorio fotografico. Es un pl\u00f3ter Epson de 9 tintas pigmentadas.<\/p><p>La combinaci\u00f3n entre este papel, la textura de la pel\u00edcula, las lentes Rollei y este tipo de impresi\u00f3n Inkjet, crean una obra final de alta calidad y definici\u00f3n, con un toque pict\u00f3rico y de colores pastel.<\/p><p>Las fotograf\u00edas estar\u00e1n firmadas con detalle del lugar y fecha.<\/p>\t\t\t\t\t\t\t\t<\/div>\n\t\t\t\t<\/div>\n\t\t\t\t\t<\/div>\n\t\t\t\t<\/div>\n\t\t<div class=\"elementor-element elementor-element-f1684ca e-flex e-con-boxed e-con e-child\" data-id=\"f1684ca\" data-element_type=\"container\" data-e-type=\"container\" data-settings=\"{&quot;background_background&quot;:&quot;classic&quot;}\">\n\t\t\t\t\t<div class=\"e-con-inner\">\n\t\t\t\t<div class=\"elementor-element elementor-element-2d6ba7f elementor-widget elementor-widget-image\" data-id=\"2d6ba7f\" data-element_type=\"widget\" data-e-type=\"widget\" data-widget_type=\"image.default\">\n\t\t\t\t<div class=\"elementor-widget-container\">\n\t\t\t\t\t\t\t\t\t\t\t\t\t\t\t<img decoding=\"async\" width=\"1400\" height=\"1980\" src=\"https:\/\/federicofrangi.com\/wp-content\/uploads\/2025\/09\/detail-03.webp\" class=\"attachment-full size-full wp-image-3952\" alt=\"different technique and size for photos\" srcset=\"https:\/\/federicofrangi.com\/wp-content\/uploads\/2025\/09\/detail-03.webp 1400w, https:\/\/federicofrangi.com\/wp-content\/uploads\/2025\/09\/detail-03-600x849.webp 600w, https:\/\/federicofrangi.com\/wp-content\/uploads\/2025\/09\/detail-03-212x300.webp 212w, https:\/\/federicofrangi.com\/wp-content\/uploads\/2025\/09\/detail-03-724x1024.webp 724w, https:\/\/federicofrangi.com\/wp-content\/uploads\/2025\/09\/detail-03-768x1086.webp 768w, https:\/\/federicofrangi.com\/wp-content\/uploads\/2025\/09\/detail-03-1086x1536.webp 1086w\" sizes=\"(max-width: 1400px) 100vw, 1400px\" \/>\t\t\t\t\t\t\t\t\t\t\t\t\t\t\t<\/div>\n\t\t\t\t<\/div>\n\t\t\t\t\t<\/div>\n\t\t\t\t<\/div>\n\t\t\t\t<div class=\"elementor-element elementor-element-7c0767d elementor-widget elementor-widget-text-editor\" data-id=\"7c0767d\" data-element_type=\"widget\" data-e-type=\"widget\" data-widget_type=\"text-editor.default\">\n\t\t\t\t<div class=\"elementor-widget-container\">\n\t\t\t\t\t\t\t\t\t<p style=\"text-align: center;\">\u00a0info &amp; orders<\/p>\t\t\t\t\t\t\t\t<\/div>\n\t\t\t\t<\/div>\n\t\t\t\t<div class=\"elementor-element elementor-element-afba333 elementor-widget-divider--view-line elementor-widget elementor-widget-divider\" data-id=\"afba333\" data-element_type=\"widget\" data-e-type=\"widget\" data-widget_type=\"divider.default\">\n\t\t\t\t<div class=\"elementor-widget-container\">\n\t\t\t\t\t\t\t<div class=\"elementor-divider\">\n\t\t\t<span class=\"elementor-divider-separator\">\n\t\t\t\t\t\t<\/span>\n\t\t<\/div>\n\t\t\t\t\t\t<\/div>\n\t\t\t\t<\/div>\n\t\t<div class=\"elementor-element elementor-element-e5a444c e-grid e-con-boxed e-con e-child\" data-id=\"e5a444c\" data-element_type=\"container\" data-e-type=\"container\">\n\t\t\t\t\t<div class=\"e-con-inner\">\n\t\t\t\t<div class=\"elementor-element elementor-element-da7eb38 elementor-align-right elementor-mobile-align-right elementor-widget elementor-widget-button\" data-id=\"da7eb38\" data-element_type=\"widget\" data-e-type=\"widget\" data-widget_type=\"button.default\">\n\t\t\t\t<div class=\"elementor-widget-container\">\n\t\t\t\t\t\t\t\t\t<div class=\"elementor-button-wrapper\">\n\t\t\t\t\t<a class=\"elementor-button elementor-button-link elementor-size-sm\" href=\"http:\/\/tel+34662160053\">\n\t\t\t\t\t\t<span class=\"elementor-button-content-wrapper\">\n\t\t\t\t\t\t<span class=\"elementor-button-icon\">\n\t\t\t\t<svg aria-hidden=\"true\" class=\"e-font-icon-svg e-fab-whatsapp\" viewBox=\"0 0 448 512\" xmlns=\"http:\/\/www.w3.org\/2000\/svg\"><path d=\"M380.9 97.1C339 55.1 283.2 32 223.9 32c-122.4 0-222 99.6-222 222 0 39.1 10.2 77.3 29.6 111L0 480l117.7-30.9c32.4 17.7 68.9 27 106.1 27h.1c122.3 0 224.1-99.6 224.1-222 0-59.3-25.2-115-67.1-157zm-157 341.6c-33.2 0-65.7-8.9-94-25.7l-6.7-4-69.8 18.3L72 359.2l-4.4-7c-18.5-29.4-28.2-63.3-28.2-98.2 0-101.7 82.8-184.5 184.6-184.5 49.3 0 95.6 19.2 130.4 54.1 34.8 34.9 56.2 81.2 56.1 130.5 0 101.8-84.9 184.6-186.6 184.6zm101.2-138.2c-5.5-2.8-32.8-16.2-37.9-18-5.1-1.9-8.8-2.8-12.5 2.8-3.7 5.6-14.3 18-17.6 21.8-3.2 3.7-6.5 4.2-12 1.4-32.6-16.3-54-29.1-75.5-66-5.7-9.8 5.7-9.1 16.3-30.3 1.8-3.7.9-6.9-.5-9.7-1.4-2.8-12.5-30.1-17.1-41.2-4.5-10.8-9.1-9.3-12.5-9.5-3.2-.2-6.9-.2-10.6-.2-3.7 0-9.7 1.4-14.8 6.9-5.1 5.6-19.4 19-19.4 46.3 0 27.3 19.9 53.7 22.6 57.4 2.8 3.7 39.1 59.7 94.8 83.8 35.2 15.2 49 16.5 66.6 13.9 10.7-1.6 32.8-13.4 37.4-26.4 4.6-13 4.6-24.1 3.2-26.4-1.3-2.5-5-3.9-10.5-6.6z\"><\/path><\/svg>\t\t\t<\/span>\n\t\t\t\t\t\t\t\t\t<span class=\"elementor-button-text\">+34 662 160 053<\/span>\n\t\t\t\t\t<\/span>\n\t\t\t\t\t<\/a>\n\t\t\t\t<\/div>\n\t\t\t\t\t\t\t\t<\/div>\n\t\t\t\t<\/div>\n\t\t\t\t<div class=\"elementor-element elementor-element-eae28c5 elementor-widget elementor-widget-button\" data-id=\"eae28c5\" data-element_type=\"widget\" data-e-type=\"widget\" data-widget_type=\"button.default\">\n\t\t\t\t<div class=\"elementor-widget-container\">\n\t\t\t\t\t\t\t\t\t<div class=\"elementor-button-wrapper\">\n\t\t\t\t\t<a class=\"elementor-button elementor-button-link elementor-size-sm\" href=\"https:\/\/www.instagram.com\/federicofrangi\/\" target=\"_blank\">\n\t\t\t\t\t\t<span class=\"elementor-button-content-wrapper\">\n\t\t\t\t\t\t<span class=\"elementor-button-icon\">\n\t\t\t\t<svg aria-hidden=\"true\" class=\"e-font-icon-svg e-fab-instagram\" viewBox=\"0 0 448 512\" xmlns=\"http:\/\/www.w3.org\/2000\/svg\"><path d=\"M224.1 141c-63.6 0-114.9 51.3-114.9 114.9s51.3 114.9 114.9 114.9S339 319.5 339 255.9 287.7 141 224.1 141zm0 189.6c-41.1 0-74.7-33.5-74.7-74.7s33.5-74.7 74.7-74.7 74.7 33.5 74.7 74.7-33.6 74.7-74.7 74.7zm146.4-194.3c0 14.9-12 26.8-26.8 26.8-14.9 0-26.8-12-26.8-26.8s12-26.8 26.8-26.8 26.8 12 26.8 26.8zm76.1 27.2c-1.7-35.9-9.9-67.7-36.2-93.9-26.2-26.2-58-34.4-93.9-36.2-37-2.1-147.9-2.1-184.9 0-35.8 1.7-67.6 9.9-93.9 36.1s-34.4 58-36.2 93.9c-2.1 37-2.1 147.9 0 184.9 1.7 35.9 9.9 67.7 36.2 93.9s58 34.4 93.9 36.2c37 2.1 147.9 2.1 184.9 0 35.9-1.7 67.7-9.9 93.9-36.2 26.2-26.2 34.4-58 36.2-93.9 2.1-37 2.1-147.8 0-184.8zM398.8 388c-7.8 19.6-22.9 34.7-42.6 42.6-29.5 11.7-99.5 9-132.1 9s-102.7 2.6-132.1-9c-19.6-7.8-34.7-22.9-42.6-42.6-11.7-29.5-9-99.5-9-132.1s-2.6-102.7 9-132.1c7.8-19.6 22.9-34.7 42.6-42.6 29.5-11.7 99.5-9 132.1-9s102.7-2.6 132.1 9c19.6 7.8 34.7 22.9 42.6 42.6 11.7 29.5 9 99.5 9 132.1s2.7 102.7-9 132.1z\"><\/path><\/svg>\t\t\t<\/span>\n\t\t\t\t\t\t\t\t\t<span class=\"elementor-button-text\">@federicofrangi<\/span>\n\t\t\t\t\t<\/span>\n\t\t\t\t\t<\/a>\n\t\t\t\t<\/div>\n\t\t\t\t\t\t\t\t<\/div>\n\t\t\t\t<\/div>\n\t\t\t\t\t<\/div>\n\t\t\t\t<\/div>\n\t\t\t\t<\/div>\n\t\t\t\t<\/div>\n\t\t","protected":false},"excerpt":{"rendered":"<p>The Technique The technique consists of three technologies:1) The paper is handmade in Nepal, in a traditional way with an ancient technique (Lokta). 2) The cameras are German, analogue from the 760s. Rollei 35mm and Rolleiflex 120mm. 3) The latest inkjet technology from the photographic laboratory. It is an Epson plotter with 9-ink pigmented inkjet [&hellip;]<\/p>\n","protected":false},"author":1,"featured_media":0,"parent":0,"menu_order":9,"comment_status":"closed","ping_status":"closed","template":"","meta":{"site-sidebar-layout":"no-sidebar","site-content-layout":"","ast-site-content-layout":"full-width-container","site-content-style":"default","site-sidebar-style":"default","ast-global-header-display":"","ast-banner-title-visibility":"","ast-main-header-display":"","ast-hfb-above-header-display":"","ast-hfb-below-header-display":"","ast-hfb-mobile-header-display":"","site-post-title":"disabled","ast-breadcrumbs-content":"","ast-featured-img":"disabled","footer-sml-layout":"","ast-disable-related-posts":"","theme-transparent-header-meta":"","adv-header-id-meta":"","stick-header-meta":"","header-above-stick-meta":"","header-main-stick-meta":"","header-below-stick-meta":"","astra-migrate-meta-layouts":"default","ast-page-background-enabled":"default","ast-page-background-meta":{"desktop":{"background-color":"var(--ast-global-color-5)","background-image":"","background-repeat":"repeat","background-position":"center center","background-size":"auto","background-attachment":"scroll","background-type":"","background-media":"","overlay-type":"","overlay-color":"","overlay-opacity":"","overlay-gradient":""},"tablet":{"background-color":"","background-image":"","background-repeat":"repeat","background-position":"center center","background-size":"auto","background-attachment":"scroll","background-type":"","background-media":"","overlay-type":"","overlay-color":"","overlay-opacity":"","overlay-gradient":""},"mobile":{"background-color":"","background-image":"","background-repeat":"repeat","background-position":"center center","background-size":"auto","background-attachment":"scroll","background-type":"","background-media":"","overlay-type":"","overlay-color":"","overlay-opacity":"","overlay-gradient":""}},"ast-content-background-meta":{"desktop":{"background-color":"var(--ast-global-color-4)","background-image":"","background-repeat":"repeat","background-position":"center center","background-size":"auto","background-attachment":"scroll","background-type":"","background-media":"","overlay-type":"","overlay-color":"","overlay-opacity":"","overlay-gradient":""},"tablet":{"background-color":"var(--ast-global-color-4)","background-image":"","background-repeat":"repeat","background-position":"center center","background-size":"auto","background-attachment":"scroll","background-type":"","background-media":"","overlay-type":"","overlay-color":"","overlay-opacity":"","overlay-gradient":""},"mobile":{"background-color":"var(--ast-global-color-4)","background-image":"","background-repeat":"repeat","background-position":"center center","background-size":"auto","background-attachment":"scroll","background-type":"","background-media":"","overlay-type":"","overlay-color":"","overlay-opacity":"","overlay-gradient":""}},"footnotes":""},"class_list":["post-2774","page","type-page","status-publish","hentry"],"yoast_head":"<!-- This site is optimized with the Yoast SEO plugin v27.4 - https:\/\/yoast.com\/product\/yoast-seo-wordpress\/ -->\n<title>size-price - Federico Frangi<\/title>\n<meta name=\"description\" content=\"The combination of this paper, the texture of the film, the Rollei lenses and this type of inkjet printing, create a final work of high quality and definition, with a pictorial touch and pastel colours.\" \/>\n<meta name=\"robots\" content=\"index, follow, max-snippet:-1, max-image-preview:large, max-video-preview:-1\" \/>\n<link rel=\"canonical\" href=\"https:\/\/federicofrangi.com\/index.php\/size-price-technique\/\" \/>\n<meta property=\"og:locale\" content=\"en_GB\" \/>\n<meta property=\"og:type\" content=\"article\" \/>\n<meta property=\"og:title\" content=\"size-price - Federico Frangi\" \/>\n<meta property=\"og:description\" content=\"The combination of this paper, the texture of the film, the Rollei lenses and this type of inkjet printing, create a final work of high quality and definition, with a pictorial touch and pastel colours.\" \/>\n<meta property=\"og:url\" content=\"https:\/\/federicofrangi.com\/index.php\/size-price-technique\/\" \/>\n<meta property=\"og:site_name\" content=\"Federico Frangi\" \/>\n<meta property=\"article:modified_time\" content=\"2025-09-23T18:20:22+00:00\" \/>\n<meta property=\"og:image\" content=\"https:\/\/federicofrangi.com\/wp-content\/uploads\/2025\/02\/detail-01.webp\" \/>\n\t<meta property=\"og:image:width\" content=\"1400\" \/>\n\t<meta property=\"og:image:height\" content=\"580\" \/>\n\t<meta property=\"og:image:type\" content=\"image\/webp\" \/>\n<meta name=\"twitter:card\" content=\"summary_large_image\" \/>\n<meta name=\"twitter:label1\" content=\"Estimated reading time\" \/>\n\t<meta name=\"twitter:data1\" content=\"2 minutes\" \/>\n<script type=\"application\/ld+json\" class=\"yoast-schema-graph\">{\"@context\":\"https:\\\/\\\/schema.org\",\"@graph\":[{\"@type\":\"WebPage\",\"@id\":\"https:\\\/\\\/federicofrangi.com\\\/index.php\\\/size-price-technique\\\/\",\"url\":\"https:\\\/\\\/federicofrangi.com\\\/index.php\\\/size-price-technique\\\/\",\"name\":\"size-price - Federico Frangi\",\"isPartOf\":{\"@id\":\"https:\\\/\\\/federicofrangi.com\\\/#website\"},\"primaryImageOfPage\":{\"@id\":\"https:\\\/\\\/federicofrangi.com\\\/index.php\\\/size-price-technique\\\/#primaryimage\"},\"image\":{\"@id\":\"https:\\\/\\\/federicofrangi.com\\\/index.php\\\/size-price-technique\\\/#primaryimage\"},\"thumbnailUrl\":\"https:\\\/\\\/federicofrangi.com\\\/wp-content\\\/uploads\\\/2025\\\/02\\\/detail-01-1024x424.webp\",\"datePublished\":\"2025-02-05T08:50:44+00:00\",\"dateModified\":\"2025-09-23T18:20:22+00:00\",\"description\":\"The combination of this paper, the texture of the film, the Rollei lenses and this type of inkjet printing, create a final work of high quality and definition, with a pictorial touch and pastel colours.\",\"breadcrumb\":{\"@id\":\"https:\\\/\\\/federicofrangi.com\\\/index.php\\\/size-price-technique\\\/#breadcrumb\"},\"inLanguage\":\"en-GB\",\"potentialAction\":[{\"@type\":\"ReadAction\",\"target\":[\"https:\\\/\\\/federicofrangi.com\\\/index.php\\\/size-price-technique\\\/\"]}]},{\"@type\":\"ImageObject\",\"inLanguage\":\"en-GB\",\"@id\":\"https:\\\/\\\/federicofrangi.com\\\/index.php\\\/size-price-technique\\\/#primaryimage\",\"url\":\"https:\\\/\\\/federicofrangi.com\\\/wp-content\\\/uploads\\\/2025\\\/02\\\/detail-01.webp\",\"contentUrl\":\"https:\\\/\\\/federicofrangi.com\\\/wp-content\\\/uploads\\\/2025\\\/02\\\/detail-01.webp\",\"width\":1400,\"height\":580,\"caption\":\"different technique and size for photos\"},{\"@type\":\"BreadcrumbList\",\"@id\":\"https:\\\/\\\/federicofrangi.com\\\/index.php\\\/size-price-technique\\\/#breadcrumb\",\"itemListElement\":[{\"@type\":\"ListItem\",\"position\":1,\"name\":\"Accueil\",\"item\":\"https:\\\/\\\/federicofrangi.com\\\/\"},{\"@type\":\"ListItem\",\"position\":2,\"name\":\"size-price\"}]},{\"@type\":\"WebSite\",\"@id\":\"https:\\\/\\\/federicofrangi.com\\\/#website\",\"url\":\"https:\\\/\\\/federicofrangi.com\\\/\",\"name\":\"Federico Frangi\",\"description\":\"Photographer\",\"publisher\":{\"@id\":\"https:\\\/\\\/federicofrangi.com\\\/#organization\"},\"potentialAction\":[{\"@type\":\"SearchAction\",\"target\":{\"@type\":\"EntryPoint\",\"urlTemplate\":\"https:\\\/\\\/federicofrangi.com\\\/?s={search_term_string}\"},\"query-input\":{\"@type\":\"PropertyValueSpecification\",\"valueRequired\":true,\"valueName\":\"search_term_string\"}}],\"inLanguage\":\"en-GB\"},{\"@type\":\"Organization\",\"@id\":\"https:\\\/\\\/federicofrangi.com\\\/#organization\",\"name\":\"Federico Frangi\",\"url\":\"https:\\\/\\\/federicofrangi.com\\\/\",\"logo\":{\"@type\":\"ImageObject\",\"inLanguage\":\"en-GB\",\"@id\":\"https:\\\/\\\/federicofrangi.com\\\/#\\\/schema\\\/logo\\\/image\\\/\",\"url\":\"https:\\\/\\\/federicofrangi.com\\\/wp-content\\\/uploads\\\/2025\\\/01\\\/cropped-logo-login-fede.png\",\"contentUrl\":\"https:\\\/\\\/federicofrangi.com\\\/wp-content\\\/uploads\\\/2025\\\/01\\\/cropped-logo-login-fede.png\",\"width\":80,\"height\":80,\"caption\":\"Federico Frangi\"},\"image\":{\"@id\":\"https:\\\/\\\/federicofrangi.com\\\/#\\\/schema\\\/logo\\\/image\\\/\"}}]}<\/script>\n<!-- \/ Yoast SEO plugin. -->","yoast_head_json":{"title":"size-price - Federico Frangi","description":"The combination of this paper, the texture of the film, the Rollei lenses and this type of inkjet printing, create a final work of high quality and definition, with a pictorial touch and pastel colours.","robots":{"index":"index","follow":"follow","max-snippet":"max-snippet:-1","max-image-preview":"max-image-preview:large","max-video-preview":"max-video-preview:-1"},"canonical":"https:\/\/federicofrangi.com\/index.php\/size-price-technique\/","og_locale":"en_GB","og_type":"article","og_title":"size-price - Federico Frangi","og_description":"The combination of this paper, the texture of the film, the Rollei lenses and this type of inkjet printing, create a final work of high quality and definition, with a pictorial touch and pastel colours.","og_url":"https:\/\/federicofrangi.com\/index.php\/size-price-technique\/","og_site_name":"Federico Frangi","article_modified_time":"2025-09-23T18:20:22+00:00","og_image":[{"width":1400,"height":580,"url":"https:\/\/federicofrangi.com\/wp-content\/uploads\/2025\/02\/detail-01.webp","type":"image\/webp"}],"twitter_card":"summary_large_image","twitter_misc":{"Estimated reading time":"2 minutes"},"schema":{"@context":"https:\/\/schema.org","@graph":[{"@type":"WebPage","@id":"https:\/\/federicofrangi.com\/index.php\/size-price-technique\/","url":"https:\/\/federicofrangi.com\/index.php\/size-price-technique\/","name":"size-price - Federico Frangi","isPartOf":{"@id":"https:\/\/federicofrangi.com\/#website"},"primaryImageOfPage":{"@id":"https:\/\/federicofrangi.com\/index.php\/size-price-technique\/#primaryimage"},"image":{"@id":"https:\/\/federicofrangi.com\/index.php\/size-price-technique\/#primaryimage"},"thumbnailUrl":"https:\/\/federicofrangi.com\/wp-content\/uploads\/2025\/02\/detail-01-1024x424.webp","datePublished":"2025-02-05T08:50:44+00:00","dateModified":"2025-09-23T18:20:22+00:00","description":"The combination of this paper, the texture of the film, the Rollei lenses and this type of inkjet printing, create a final work of high quality and definition, with a pictorial touch and pastel colours.","breadcrumb":{"@id":"https:\/\/federicofrangi.com\/index.php\/size-price-technique\/#breadcrumb"},"inLanguage":"en-GB","potentialAction":[{"@type":"ReadAction","target":["https:\/\/federicofrangi.com\/index.php\/size-price-technique\/"]}]},{"@type":"ImageObject","inLanguage":"en-GB","@id":"https:\/\/federicofrangi.com\/index.php\/size-price-technique\/#primaryimage","url":"https:\/\/federicofrangi.com\/wp-content\/uploads\/2025\/02\/detail-01.webp","contentUrl":"https:\/\/federicofrangi.com\/wp-content\/uploads\/2025\/02\/detail-01.webp","width":1400,"height":580,"caption":"different technique and size for photos"},{"@type":"BreadcrumbList","@id":"https:\/\/federicofrangi.com\/index.php\/size-price-technique\/#breadcrumb","itemListElement":[{"@type":"ListItem","position":1,"name":"Accueil","item":"https:\/\/federicofrangi.com\/"},{"@type":"ListItem","position":2,"name":"size-price"}]},{"@type":"WebSite","@id":"https:\/\/federicofrangi.com\/#website","url":"https:\/\/federicofrangi.com\/","name":"Federico Frangi","description":"Photographer","publisher":{"@id":"https:\/\/federicofrangi.com\/#organization"},"potentialAction":[{"@type":"SearchAction","target":{"@type":"EntryPoint","urlTemplate":"https:\/\/federicofrangi.com\/?s={search_term_string}"},"query-input":{"@type":"PropertyValueSpecification","valueRequired":true,"valueName":"search_term_string"}}],"inLanguage":"en-GB"},{"@type":"Organization","@id":"https:\/\/federicofrangi.com\/#organization","name":"Federico Frangi","url":"https:\/\/federicofrangi.com\/","logo":{"@type":"ImageObject","inLanguage":"en-GB","@id":"https:\/\/federicofrangi.com\/#\/schema\/logo\/image\/","url":"https:\/\/federicofrangi.com\/wp-content\/uploads\/2025\/01\/cropped-logo-login-fede.png","contentUrl":"https:\/\/federicofrangi.com\/wp-content\/uploads\/2025\/01\/cropped-logo-login-fede.png","width":80,"height":80,"caption":"Federico Frangi"},"image":{"@id":"https:\/\/federicofrangi.com\/#\/schema\/logo\/image\/"}}]}},"_links":{"self":[{"href":"https:\/\/federicofrangi.com\/index.php\/wp-json\/wp\/v2\/pages\/2774","targetHints":{"allow":["GET"]}}],"collection":[{"href":"https:\/\/federicofrangi.com\/index.php\/wp-json\/wp\/v2\/pages"}],"about":[{"href":"https:\/\/federicofrangi.com\/index.php\/wp-json\/wp\/v2\/types\/page"}],"author":[{"embeddable":true,"href":"https:\/\/federicofrangi.com\/index.php\/wp-json\/wp\/v2\/users\/1"}],"replies":[{"embeddable":true,"href":"https:\/\/federicofrangi.com\/index.php\/wp-json\/wp\/v2\/comments?post=2774"}],"version-history":[{"count":166,"href":"https:\/\/federicofrangi.com\/index.php\/wp-json\/wp\/v2\/pages\/2774\/revisions"}],"predecessor-version":[{"id":3957,"href":"https:\/\/federicofrangi.com\/index.php\/wp-json\/wp\/v2\/pages\/2774\/revisions\/3957"}],"wp:attachment":[{"href":"https:\/\/federicofrangi.com\/index.php\/wp-json\/wp\/v2\/media?parent=2774"}],"curies":[{"name":"wp","href":"https:\/\/api.w.org\/{rel}","templated":true}]}}